{"id":2186,"date":"2024-12-03T13:18:26","date_gmt":"2024-12-03T13:18:26","guid":{"rendered":"https:\/\/greece-rent-car.com\/das-unternehmen\/"},"modified":"2025-02-26T08:08:59","modified_gmt":"2025-02-26T08:08:59","slug":"das-unternehmen","status":"publish","type":"page","link":"https:\/\/greece-rent-car.com\/de\/das-unternehmen\/","title":{"rendered":"Das Unternehmen"},"content":{"rendered":"\t\t<div data-elementor-type=\"wp-page\" data-elementor-id=\"2186\" class=\"elementor elementor-2186 elementor-1675\" data-elementor-post-type=\"page\">\n\t\t\t\t\t\t<section class=\"elementor-section elementor-top-section elementor-element elementor-element-7aa7400f elementor-section-content-middle hero-section elementor-section-boxed elementor-section-height-default elementor-section-height-default\" data-id=\"7aa7400f\" data-element_type=\"section\" data-settings=\"{&quot;background_background&quot;:&quot;classic&quot;}\">\n\t\t\t\t\t\t\t<div class=\"elementor-background-overlay\"><\/div>\n\t\t\t\t\t\t\t<div class=\"elementor-container elementor-column-gap-default\">\n\t\t\t\t\t<div class=\"elementor-column elementor-col-50 elementor-top-column elementor-element elementor-element-84338af\" data-id=\"84338af\" data-element_type=\"column\">\n\t\t\t<div class=\"elementor-widget-wrap elementor-element-populated\">\n\t\t\t\t\t\t<div class=\"elementor-element elementor-element-c78f048 elementor-invisible elementor-widget elementor-widget-heading\" data-id=\"c78f048\" data-element_type=\"widget\" data-settings=\"{&quot;_animation&quot;:&quot;fadeInDown&quot;}\" data-widget_type=\"heading.default\">\n\t\t\t\t<div class=\"elementor-widget-container\">\n\t\t\t\t\t<h5 class=\"elementor-heading-title elementor-size-default\">ABC RENT A CAR<\/h5>\t\t\t\t<\/div>\n\t\t\t\t<\/div>\n\t\t\t\t<div class=\"elementor-element elementor-element-c0be350 elementor-invisible elementor-widget elementor-widget-heading\" data-id=\"c0be350\" data-element_type=\"widget\" data-settings=\"{&quot;_animation&quot;:&quot;fadeInUp&quot;}\" data-widget_type=\"heading.default\">\n\t\t\t\t<div class=\"elementor-widget-container\">\n\t\t\t\t\t<h1 class=\"elementor-heading-title elementor-size-default\">Das Unternehmen<\/h1>\t\t\t\t<\/div>\n\t\t\t\t<\/div>\n\t\t\t\t\t<\/div>\n\t\t<\/div>\n\t\t\t\t<div class=\"elementor-column elementor-col-50 elementor-top-column elementor-element elementor-element-43e0398c\" data-id=\"43e0398c\" data-element_type=\"column\">\n\t\t\t<div class=\"elementor-widget-wrap\">\n\t\t\t\t\t\t\t<\/div>\n\t\t<\/div>\n\t\t\t\t\t<\/div>\n\t\t<\/section>\n\t\t\t\t<section class=\"elementor-section elementor-top-section elementor-element elementor-element-68bb475 elementor-section-boxed elementor-section-height-default elementor-section-height-default\" data-id=\"68bb475\" data-element_type=\"section\">\n\t\t\t\t\t\t<div class=\"elementor-container elementor-column-gap-default\">\n\t\t\t\t\t<div class=\"elementor-column elementor-col-50 elementor-top-column elementor-element elementor-element-c877d1d\" data-id=\"c877d1d\" data-element_type=\"column\">\n\t\t\t<div class=\"elementor-widget-wrap elementor-element-populated\">\n\t\t\t\t\t\t<section class=\"elementor-section elementor-inner-section elementor-element elementor-element-fdf68ab elementor-section-boxed elementor-section-height-default elementor-section-height-default\" data-id=\"fdf68ab\" data-element_type=\"section\">\n\t\t\t\t\t\t<div class=\"elementor-container elementor-column-gap-no\">\n\t\t\t\t\t<div class=\"elementor-column elementor-col-100 elementor-inner-column elementor-element elementor-element-0d30187 animated-slow elementor-invisible\" data-id=\"0d30187\" data-element_type=\"column\" data-settings=\"{&quot;animation&quot;:&quot;fadeInDown&quot;,&quot;animation_delay&quot;:400,&quot;background_background&quot;:&quot;classic&quot;}\">\n\t\t\t<div class=\"elementor-widget-wrap elementor-element-populated\">\n\t\t\t\t\t\t<div class=\"elementor-element elementor-element-8646d6e elementor-widget elementor-widget-image\" data-id=\"8646d6e\" data-element_type=\"widget\" data-widget_type=\"image.default\">\n\t\t\t\t<div class=\"elementor-widget-container\">\n\t\t\t\t\t\t\t\t\t\t\t\t\t\t\t<img decoding=\"async\" width=\"150\" height=\"150\" src=\"https:\/\/greece-rent-car.com\/wp-content\/uploads\/2025\/02\/16years-9.png\" class=\"attachment-thumbnail size-thumbnail wp-image-3103\" alt=\"\" \/>\t\t\t\t\t\t\t\t\t\t\t\t\t\t\t<\/div>\n\t\t\t\t<\/div>\n\t\t\t\t\t<\/div>\n\t\t<\/div>\n\t\t\t\t\t<\/div>\n\t\t<\/section>\n\t\t\t\t<div class=\"elementor-element elementor-element-608eb5d elementor-widget elementor-widget-image\" data-id=\"608eb5d\" data-element_type=\"widget\" data-widget_type=\"image.default\">\n\t\t\t\t<div class=\"elementor-widget-container\">\n\t\t\t\t\t\t\t\t\t\t\t\t\t\t\t<img fetchpriority=\"high\" decoding=\"async\" width=\"1440\" height=\"900\" src=\"https:\/\/greece-rent-car.com\/wp-content\/uploads\/2025\/01\/idaniki_epilogi_4.jpg\" class=\"attachment-full size-full wp-image-1975\" alt=\"\" srcset=\"https:\/\/greece-rent-car.com\/wp-content\/uploads\/2025\/01\/idaniki_epilogi_4.jpg 1440w, https:\/\/greece-rent-car.com\/wp-content\/uploads\/2025\/01\/idaniki_epilogi_4-300x188.jpg 300w, https:\/\/greece-rent-car.com\/wp-content\/uploads\/2025\/01\/idaniki_epilogi_4-1024x640.jpg 1024w, https:\/\/greece-rent-car.com\/wp-content\/uploads\/2025\/01\/idaniki_epilogi_4-768x480.jpg 768w\" sizes=\"(max-width: 1440px) 100vw, 1440px\" \/>\t\t\t\t\t\t\t\t\t\t\t\t\t\t\t<\/div>\n\t\t\t\t<\/div>\n\t\t\t\t<div class=\"elementor-element elementor-element-081f55d elementor-pagination-position-outside elementor-widget elementor-widget-image-carousel\" data-id=\"081f55d\" data-element_type=\"widget\" data-settings=\"{&quot;slides_to_show&quot;:&quot;2&quot;,&quot;navigation&quot;:&quot;dots&quot;,&quot;slides_to_show_tablet&quot;:&quot;2&quot;,&quot;autoplay&quot;:&quot;yes&quot;,&quot;pause_on_hover&quot;:&quot;yes&quot;,&quot;pause_on_interaction&quot;:&quot;yes&quot;,&quot;autoplay_speed&quot;:5000,&quot;infinite&quot;:&quot;yes&quot;,&quot;speed&quot;:500,&quot;image_spacing_custom&quot;:{&quot;unit&quot;:&quot;px&quot;,&quot;size&quot;:20,&quot;sizes&quot;:[]},&quot;image_spacing_custom_tablet&quot;:{&quot;unit&quot;:&quot;px&quot;,&quot;size&quot;:&quot;&quot;,&quot;sizes&quot;:[]},&quot;image_spacing_custom_mobile&quot;:{&quot;unit&quot;:&quot;px&quot;,&quot;size&quot;:&quot;&quot;,&quot;sizes&quot;:[]}}\" data-widget_type=\"image-carousel.default\">\n\t\t\t\t<div class=\"elementor-widget-container\">\n\t\t\t\t\t\t\t<div class=\"elementor-image-carousel-wrapper swiper\" role=\"region\" aria-roledescription=\"carousel\" aria-label=\"Image Carousel\" dir=\"ltr\">\n\t\t\t<div class=\"elementor-image-carousel swiper-wrapper\" aria-live=\"off\">\n\t\t\t\t\t\t\t\t<div class=\"swiper-slide\" role=\"group\" aria-roledescription=\"slide\" aria-label=\"1 von 3\"><figure class=\"swiper-slide-inner\"><img decoding=\"async\" class=\"swiper-slide-image\" src=\"https:\/\/greece-rent-car.com\/wp-content\/uploads\/2025\/01\/idaniki_epilogi-1.jpg\" alt=\"idaniki_epilogi\" \/><\/figure><\/div><div class=\"swiper-slide\" role=\"group\" aria-roledescription=\"slide\" aria-label=\"2 von 3\"><figure class=\"swiper-slide-inner\"><img decoding=\"async\" class=\"swiper-slide-image\" src=\"https:\/\/greece-rent-car.com\/wp-content\/uploads\/2025\/01\/idaniki_epilogi_2.jpg\" alt=\"idaniki_epilogi_2\" \/><\/figure><\/div><div class=\"swiper-slide\" role=\"group\" aria-roledescription=\"slide\" aria-label=\"3 von 3\"><figure class=\"swiper-slide-inner\"><img decoding=\"async\" class=\"swiper-slide-image\" src=\"https:\/\/greece-rent-car.com\/wp-content\/uploads\/2025\/01\/idaniki_epilogi_3.jpg\" alt=\"idaniki_epilogi_3\" \/><\/figure><\/div>\t\t\t<\/div>\n\t\t\t\t\t\t\t\n\t\t\t\t\t\t\t\t\t<div class=\"swiper-pagination\"><\/div>\n\t\t\t\t\t\t\t\t\t<\/div>\n\t\t\t\t\t\t<\/div>\n\t\t\t\t<\/div>\n\t\t\t\t\t<\/div>\n\t\t<\/div>\n\t\t\t\t<div class=\"elementor-column elementor-col-50 elementor-top-column elementor-element elementor-element-a66b159\" data-id=\"a66b159\" data-element_type=\"column\">\n\t\t\t<div class=\"elementor-widget-wrap elementor-element-populated\">\n\t\t\t\t\t\t<div class=\"elementor-element elementor-element-041b255 animated-slow title-half-bg elementor-invisible elementor-widget elementor-widget-jkit_heading\" data-id=\"041b255\" data-element_type=\"widget\" data-settings=\"{&quot;_animation&quot;:&quot;fadeInRight&quot;}\" data-widget_type=\"jkit_heading.default\">\n\t\t\t\t<div class=\"elementor-widget-container\">\n\t\t\t\t\t<div  class=\"jeg-elementor-kit jkit-heading  align- align-tablet- align-mobile- jeg_module___69f30f44563a6\" ><div class=\"heading-section-title  display-inline-block\"><h5 class=\"heading-title\"><span class=\"style-color\"><span>Autovermietung in Thessaloniki<\/span><\/span><\/h5><\/div><\/div>\t\t\t\t<\/div>\n\t\t\t\t<\/div>\n\t\t\t\t<div class=\"elementor-element elementor-element-e1a0ca8 animated-slow elementor-invisible elementor-widget elementor-widget-jkit_heading\" data-id=\"e1a0ca8\" data-element_type=\"widget\" data-settings=\"{&quot;_animation&quot;:&quot;fadeInLeft&quot;}\" data-widget_type=\"jkit_heading.default\">\n\t\t\t\t<div class=\"elementor-widget-container\">\n\t\t\t\t\t<div  class=\"jeg-elementor-kit jkit-heading  align- align-tablet- align-mobile- jeg_module__1_69f30f4456ae0\" ><div class=\"heading-section-title  display-inline-block\"><h2 class=\"heading-title\">Das Unternehmen<\/h2><\/div><div class=\"heading-section-description\"><p data-start=\"1140\" data-end=\"1614\">Im Februar 2007 gr\u00fcndete Andreas Vlahopoulos, der bereits \u00fcber langj\u00e4hrige Erfahrung im Autovermietungssektor verf\u00fcgte, ABC - Andreas Vlahopoulos Car's mit dem Ziel, eine hochwertige Fahrzeugflotte bereitzustellen und den Kunden qualitativ hochwertige Dienstleistungen anzubieten.<\/p><p data-start=\"1616\" data-end=\"2001\"><br \/>Vom ersten Moment an hat sich das Unternehmen dem Prinzip der Transparenz, des prompten Service und der Beibehaltung wettbewerbsf\u00e4higer Preise verschrieben, wobei die Bed\u00fcrfnisse der Kunden stets ber\u00fccksichtigt werden. Getreu den Werten und der Vision seines Gr\u00fcnders ist es ABC gelungen, seinen Fuhrpark weiterzuentwickeln und st\u00e4ndig zu erneuern und so seine Position auf dem Markt der Autovermietung zu festigen. Durch kontinuierliche Entwicklung und Engagement f\u00fcr Qualit\u00e4t hat das Unternehmen vertrauensvolle Beziehungen zu seinen Kunden aufgebaut und bietet ihnen den bestm\u00f6glichen Service.<\/p><p data-start=\"2003\" data-end=\"2302\" data-is-last-node=\"\">Heute entwickelt sich ABC weiter, immer geleitet von den Grunds\u00e4tzen und der Vision von Andreas Vlachopoulos, und bietet moderne Autovermietungsl\u00f6sungen an. Das Unternehmen ist weiterhin f\u00fchrend auf dem Markt und setzt sich weiterhin f\u00fcr Qualit\u00e4t, Zuverl\u00e4ssigkeit und Kundenzufriedenheit ein.<\/p><\/div><\/div>\t\t\t\t<\/div>\n\t\t\t\t<\/div>\n\t\t\t\t\t<\/div>\n\t\t<\/div>\n\t\t\t\t\t<\/div>\n\t\t<\/section>\n\t\t\t\t<\/div>\n\t\t","protected":false},"excerpt":{"rendered":"<p>ABC RENT A CAR Autovermietung in Thessaloniki Im Februar 2007 gr\u00fcndete Andreas Vlahopoulos, der bereits \u00fcber langj\u00e4hrige Erfahrung im Autovermietungssektor verf\u00fcgte, ABC - Andreas Vlahopoulos Car's mit dem Ziel, eine hochwertige Fahrzeugflotte bereitzustellen und den Kunden qualitativ hochwertige Dienstleistungen anzubieten. Vom ersten Moment an hat sich das Unternehmen dem Prinzip der Transparenz, des prompten Service [&hellip;]<\/p>\n","protected":false},"author":4,"featured_media":0,"parent":0,"menu_order":0,"comment_status":"closed","ping_status":"closed","template":"","meta":{"om_disable_all_campaigns":false,"_monsterinsights_skip_tracking":false,"_monsterinsights_sitenote_active":false,"_monsterinsights_sitenote_note":"","_monsterinsights_sitenote_category":0,"footnotes":""},"class_list":["post-2186","page","type-page","status-publish","hentry"],"aioseo_notices":[],"_links":{"self":[{"href":"https:\/\/greece-rent-car.com\/de\/wp-json\/wp\/v2\/pages\/2186","targetHints":{"allow":["GET"]}}],"collection":[{"href":"https:\/\/greece-rent-car.com\/de\/wp-json\/wp\/v2\/pages"}],"about":[{"href":"https:\/\/greece-rent-car.com\/de\/wp-json\/wp\/v2\/types\/page"}],"author":[{"embeddable":true,"href":"https:\/\/greece-rent-car.com\/de\/wp-json\/wp\/v2\/users\/4"}],"replies":[{"embeddable":true,"href":"https:\/\/greece-rent-car.com\/de\/wp-json\/wp\/v2\/comments?post=2186"}],"version-history":[{"count":5,"href":"https:\/\/greece-rent-car.com\/de\/wp-json\/wp\/v2\/pages\/2186\/revisions"}],"predecessor-version":[{"id":3846,"href":"https:\/\/greece-rent-car.com\/de\/wp-json\/wp\/v2\/pages\/2186\/revisions\/3846"}],"wp:attachment":[{"href":"https:\/\/greece-rent-car.com\/de\/wp-json\/wp\/v2\/media?parent=2186"}],"curies":[{"name":"wp","href":"https:\/\/api.w.org\/{rel}","templated":true}]}}